{"id":88,"date":"2023-07-09T11:38:16","date_gmt":"2023-07-09T11:38:16","guid":{"rendered":"http:\/\/www.xn--asyaglobalgda-ebc.com.tr\/?page_id=88"},"modified":"2023-07-09T11:38:16","modified_gmt":"2023-07-09T11:38:16","slug":"kuzu-kirmizi-eti","status":"publish","type":"page","link":"http:\/\/www.xn--asyaglobalgda-ebc.com.tr\/?page_id=88","title":{"rendered":"Kuzu K\u0131rm\u0131z\u0131 Eti"},"content":{"rendered":"","protected":false},"excerpt":{"rendered":"","protected":false},"author":1,"featured_media":0,"parent":0,"menu_order":0,"comment_status":"closed","ping_status":"closed","template":"","meta":{"footnotes":""},"class_list":["post-88","page","type-page","status-publish","hentry"],"_links":{"self":[{"href":"http:\/\/www.xn--asyaglobalgda-ebc.com.tr\/index.php?rest_route=\/wp\/v2\/pages\/88","targetHints":{"allow":["GET"]}}],"collection":[{"href":"http:\/\/www.xn--asyaglobalgda-ebc.com.tr\/index.php?rest_route=\/wp\/v2\/pages"}],"about":[{"href":"http:\/\/www.xn--asyaglobalgda-ebc.com.tr\/index.php?rest_route=\/wp\/v2\/types\/page"}],"author":[{"embeddable":true,"href":"http:\/\/www.xn--asyaglobalgda-ebc.com.tr\/index.php?rest_route=\/wp\/v2\/users\/1"}],"replies":[{"embeddable":true,"href":"http:\/\/www.xn--asyaglobalgda-ebc.com.tr\/index.php?rest_route=%2Fwp%2Fv2%2Fcomments&post=88"}],"version-history":[{"count":1,"href":"http:\/\/www.xn--asyaglobalgda-ebc.com.tr\/index.php?rest_route=\/wp\/v2\/pages\/88\/revisions"}],"predecessor-version":[{"id":89,"href":"http:\/\/www.xn--asyaglobalgda-ebc.com.tr\/index.php?rest_route=\/wp\/v2\/pages\/88\/revisions\/89"}],"wp:attachment":[{"href":"http:\/\/www.xn--asyaglobalgda-ebc.com.tr\/index.php?rest_route=%2Fwp%2Fv2%2Fmedia&parent=88"}],"curies":[{"name":"wp","href":"https:\/\/api.w.org\/{rel}","templated":true}]}}